{"id":1015,"date":"2017-05-06T09:09:48","date_gmt":"2017-05-06T07:09:48","guid":{"rendered":"http:\/\/kettenhun.de\/?page_id=1015"},"modified":"2026-02-03T22:22:15","modified_gmt":"2026-02-03T20:22:15","slug":"impressum","status":"publish","type":"page","link":"https:\/\/kettenhun.de\/?page_id=1015","title":{"rendered":"Kontakt"},"content":{"rendered":"<h1>Impressum<\/h1>\n<h2>Angaben gem\u00e4\u00df \u00a7 5 TMG:<\/h2>\n<p>Maximilian Will<br \/>\nTaunusblick 6<br \/>\n65597 H\u00fcnfelden<\/p>\n<h2>Kontakt:<\/h2>\n<table>\n<tbody>\n<tr>\n<td>Telefon:<\/td>\n<td><\/td>\n<\/tr>\n<tr>\n<td>E-Mail:<\/td>\n<td>will-maximilian@kettenhun.de<\/td>\n<\/tr>\n<\/tbody>\n<\/table>\n<h2>Verantwortlich f\u00fcr den Inhalt nach \u00a7 55 Abs. 2 RStV:<\/h2>\n<p>Maximilian Will<br \/>\nTaunusblick 6<br \/>\n65597 H\u00fcnfelden<\/p>\n<h2>Haftung f\u00fcr Inhalte<\/h2>\n<p>Als Diensteanbieter sind wir<br \/>\ngem\u00e4\u00df \u00a7 7 Abs.1 TMG f\u00fcr eigene Inhalte auf diesen Seiten<br \/>\nnach den allgemeinen Gesetzen verantwortlich. Nach \u00a7\u00a7 8 bis 10 TMG<br \/>\nsind wir als Diensteanbieter jedoch nicht verpflichtet, \u00fcbermittelte<br \/>\noder gespeicherte fremde Informationen zu \u00fcberwachen oder nach<br \/>\nUmst\u00e4nden zu forschen, die auf eine rechtswidrige T\u00e4tigkeit<br \/>\nhinweisen.<\/p>\n<p>Verpflichtungen zur Entfernung oder Sperrung der Nutzung<br \/>\nvon Informationen nach den allgemeinen Gesetzen bleiben hiervon<br \/>\nunber\u00fchrt. Eine diesbez\u00fcgliche Haftung ist jedoch erst ab dem<br \/>\nZeitpunkt der Kenntnis einer konkreten Rechtsverletzung m\u00f6glich. Bei<br \/>\nBekanntwerden von entsprechenden Rechtsverletzungen werden wir diese Inhalte<br \/>\numgehend entfernen.<\/p>\n<h2>Haftung f\u00fcr Links<\/h2>\n<p>Unser Angebot<br \/>\nenth\u00e4lt Links zu externen Webseiten Dritter, auf deren Inhalte wir<br \/>\nkeinen Einfluss haben. Deshalb k\u00f6nnen wir f\u00fcr diese fremden Inhalte<br \/>\nauch keine Gew\u00e4hr \u00fcbernehmen. F\u00fcr die Inhalte der verlinkten<br \/>\nSeiten ist stets der jeweilige Anbieter oder Betreiber der Seiten<br \/>\nverantwortlich. Die verlinkten Seiten wurden zum Zeitpunkt der Verlinkung auf<br \/>\nm\u00f6gliche Rechtsverst\u00f6\u00dfe \u00fcberpr\u00fcft. Rechtswidrige Inhalte waren zum Zeitpunkt der Verlinkung nicht erkennbar.<\/p>\n<p>Eine<br \/>\npermanente inhaltliche Kontrolle der verlinkten Seiten ist jedoch ohne<br \/>\nkonkrete Anhaltspunkte einer Rechtsverletzung nicht zumutbar. Bei<br \/>\nBekanntwerden von Rechtsverletzungen werden wir derartige Links umgehend<br \/>\nentfernen.<\/p>\n<h2>Urheberrecht<\/h2>\n<p>Die durch die Seitenbetreiber<br \/>\nerstellten Inhalte und Werke auf diesen Seiten unterliegen dem deutschen<br \/>\nUrheberrecht. Die Vervielf\u00e4ltigung, Bearbeitung, Verbreitung und jede<br \/>\nArt der Verwertung au\u00dferhalb der Grenzen des Urheberrechtes<br \/>\nbed\u00fcrfen der schriftlichen Zustimmung des jeweiligen Autors bzw.<br \/>\nErstellers. Downloads und Kopien dieser Seite sind nur f\u00fcr den privaten,<br \/>\nnicht kommerziellen Gebrauch gestattet.<\/p>\n<p>Soweit die Inhalte auf dieser<br \/>\nSeite nicht vom Betreiber erstellt wurden, werden die Urheberrechte Dritter<br \/>\nbeachtet. Insbesondere werden Inhalte Dritter als solche gekennzeichnet.<br \/>\nSollten Sie trotzdem auf eine Urheberrechtsverletzung aufmerksam werden,<br \/>\nbitten wir um einen entsprechenden Hinweis. Bei Bekanntwerden von<br \/>\nRechtsverletzungen werden wir derartige Inhalte umgehend<br \/>\nentfernen.<\/p>\n<p>Quelle: <a href=\"https:\/\/www.e-recht24.de\">e-recht24.de<\/a><\/p>\n<h1>Datenschutzerkl\u00e4rung:<\/h1>\n<h2>Datenschutz<\/h2>\n<p>Die Betreiber<br \/>\ndieser Seiten nehmen den Schutz Ihrer pers\u00f6nlichen Daten sehr ernst. Wir<br \/>\nbehandeln Ihre personenbezogenen Daten vertraulich und entsprechend der<br \/>\ngesetzlichen Datenschutzvorschriften sowie dieser<br \/>\nDatenschutzerkl\u00e4rung.<\/p>\n<p>Die Nutzung unserer Webseite ist in der Regel ohne Angabe personenbezogener Daten m\u00f6glich. Soweit auf unseren<br \/>\nSeiten personenbezogene Daten (beispielsweise Name, Anschrift oder E-Mail-<br \/>\nAdressen) erhoben werden, erfolgt dies, soweit m\u00f6glich, stets auf<br \/>\nfreiwilliger Basis. Diese Daten werden ohne Ihre ausdr\u00fcckliche<br \/>\nZustimmung nicht an Dritte weitergegeben.<\/p>\n<p>Wir weisen darauf hin, dass<br \/>\ndie Daten\u00fcbertragung im Internet (z.B. bei der Kommunikation per E-Mail)<br \/>\nSicherheitsl\u00fccken aufweisen kann. Ein l\u00fcckenloser Schutz der Daten<br \/>\nvor dem Zugriff durch Dritte ist nicht m\u00f6glich.<\/p>\n<h2>Cookies<\/h2>\n<p>Die Internetseiten verwenden teilweise so genannte<br \/>\nCookies. Cookies richten auf Ihrem Rechner keinen Schaden an und enthalten<br \/>\nkeine Viren. Cookies dienen dazu, unser Angebot nutzerfreundlicher,<br \/>\neffektiver und sicherer zu machen. Cookies sind kleine Textdateien, die auf<br \/>\nIhrem Rechner abgelegt werden und die Ihr Browser speichert.<\/p>\n<p>Die<br \/>\nmeisten der von uns verwendeten Cookies sind so genannte \u201eSession-Cookies\u201c.<br \/>\nSie werden nach Ende Ihres Besuchs automatisch gel\u00f6scht. Andere Cookies<br \/>\nbleiben auf Ihrem Endger\u00e4t gespeichert, bis Sie diese l\u00f6schen.<br \/>\nDiese Cookies erm\u00f6glichen es uns, Ihren Browser beim n\u00e4chsten<br \/>\nBesuch wiederzuerkennen.<\/p>\n<p>Sie k\u00f6nnen Ihren Browser so einstellen,<br \/>\ndass Sie \u00fcber das Setzen von Cookies informiert werden und Cookies nur<br \/>\nim Einzelfall erlauben, die Annahme von Cookies f\u00fcr bestimmte F\u00e4lle<br \/>\noder generell ausschlie\u00dfen sowie das automatische L\u00f6schen der<br \/>\nCookies beim Schlie\u00dfen des Browser aktivieren. Bei der Deaktivierung<br \/>\nvon Cookies kann die Funktionalit\u00e4t dieser Website eingeschr\u00e4nkt<br \/>\nsein.<\/p>\n<h2>Server-Log-Files<\/h2>\n<p>Der Provider der Seiten<br \/>\nerhebt und speichert automatisch Informationen in so genannten Server-Log<br \/>\nFiles, die Ihr Browser automatisch an uns \u00fcbermittelt. Dies sind:<\/p>\n<ul>\n<li>Browsertyp und Browserversion<\/li>\n<li>verwendetes<br \/>\nBetriebssystem<\/li>\n<li>Referrer URL<\/li>\n<li>Hostname des zugreifenden<br \/>\nRechners<\/li>\n<li>Uhrzeit der Serveranfrage<\/li>\n<\/ul>\n<p>Diese Daten<br \/>\nsind nicht bestimmten Personen zuordenbar. Eine Zusammenf\u00fchrung dieser<br \/>\nDaten mit anderen Datenquellen wird nicht vorgenommen. Wir behalten uns vor,<br \/>\ndiese Daten nachtr\u00e4glich zu pr\u00fcfen, wenn uns konkrete Anhaltspunkte<br \/>\nf\u00fcr eine rechtswidrige Nutzung bekannt werden.<\/p>\n<h2>Kontaktformular<\/h2>\n<p>Wenn Sie uns per Kontaktformular Anfragen<br \/>\nzukommen lassen, werden Ihre Angaben aus dem Anfrageformular inklusive der<br \/>\nvon Ihnen dort angegebenen Kontaktdaten zwecks Bearbeitung der Anfrage und<br \/>\nf\u00fcr den Fall von Anschlussfragen bei uns gespeichert. Diese Daten geben<br \/>\nwir nicht ohne Ihre Einwilligung weiter.<\/p>\n<h2>Newsletterdaten<\/h2>\n<p>Wenn Sie den auf der Webseite angebotenen<br \/>\nNewsletter beziehen m\u00f6chten, ben\u00f6tigen wir von Ihnen eine E-Mail-<br \/>\nAdresse sowie Informationen, welche uns die \u00dcberpr\u00fcfung gestatten,<br \/>\ndass Sie der Inhaber der angegebenen E-Mail-Adresse sind und mit dem Empfang<br \/>\ndes Newsletters einverstanden sind. Weitere Daten werden nicht erhoben. Diese<br \/>\nDaten verwenden wir ausschlie\u00dflich f\u00fcr den Versand der<br \/>\nangeforderten Informationen und geben sie nicht an Dritte weiter.<\/p>\n<p>Die<br \/>\nerteilte Einwilligung zur Speicherung der Daten, der E-Mail-Adresse sowie<br \/>\nderen Nutzung zum Versand des Newsletters k\u00f6nnen Sie jederzeit<br \/>\nwiderrufen, etwa \u00fcber den &#8222;Austragen&#8220;-Link im<br \/>\nNewsletter.<\/p>\n<h2>Datenschutzerkl\u00e4rung f\u00fcr die<br \/>\nNutzung von Facebook-Plugins (Like-Button)<\/h2>\n<p>Auf unseren Seiten sind<br \/>\nPlugins des sozialen Netzwerks Facebook, Anbieter Facebook Inc., 1 Hacker<br \/>\nWay, Menlo Park, California 94025, USA, integriert. Die Facebook-Plugins<br \/>\nerkennen Sie an dem Facebook-Logo oder dem &#8222;Like-Button&#8220; (&#8222;Gef\u00e4llt mir&#8220;)<br \/>\nauf unserer Seite. Eine \u00dcbersicht \u00fcber die Facebook-Plugins finden<br \/>\nSie hier: <a href=\"http:\/\/developers.facebook.com\/docs\/plugins\/\">http:\/\/developers.facebook.com\/docs\/plugins\/<\/a>.<\/p>\n<p>Wenn Sie unsere Seiten besuchen, wird \u00fcber das Plugin eine direkte<br \/>\nVerbindung zwischen Ihrem Browser und dem Facebook-Server hergestellt.<br \/>\nFacebook erh\u00e4lt dadurch die Information, dass Sie mit Ihrer IP-Adresse<br \/>\nunsere Seite besucht haben. Wenn Sie den Facebook &#8222;Like-Button&#8220; anklicken<br \/>\nw\u00e4hrend Sie in Ihrem Facebook-Account eingeloggt sind, k\u00f6nnen Sie<br \/>\ndie Inhalte unserer Seiten auf Ihrem Facebook-Profil verlinken. Dadurch kann<br \/>\nFacebook den Besuch unserer Seiten Ihrem Benutzerkonto zuordnen. Wir weisen<br \/>\ndarauf hin, dass wir als Anbieter der Seiten keine Kenntnis vom Inhalt der<br \/>\n\u00fcbermittelten Daten sowie deren Nutzung durch Facebook erhalten. Weitere<br \/>\nInformationen hierzu finden Sie in der Datenschutzerkl\u00e4rung von Facebook<br \/>\nunter <a href=\"http:\/\/de-de.facebook.com\/policy.php\">http:\/\/de-de.facebook.com\/policy.php<\/a>.<\/p>\n<p>Wenn Sie nicht w\u00fcnschen, dass<br \/>\nFacebook den Besuch unserer Seiten Ihrem Facebook-Nutzerkonto zuordnen kann,<br \/>\nloggen Sie sich bitte aus Ihrem Facebook-Benutzerkonto aus.<\/p>\n<h2>Kommentarfunktion auf dieser Webseite<\/h2>\n<p>F\u00fcr die<br \/>\nKommentarfunktion auf dieser Seite werden neben Ihrem Kommentar auch Angaben<br \/>\nzum Zeitpunkt der Erstellung des Kommentars, Ihre E-Mail-Adresse und, wenn<br \/>\nSie nicht anonym posten, der von Ihnen gew\u00e4hlte Nutzername<br \/>\ngespeichert.<\/p>\n<p><strong>Abonnieren von Kommentaren<\/strong><\/p>\n<p>Als<br \/>\nNutzer der Seite k\u00f6nnen Sie nach einer Anmeldung Kommentare abonnieren.<br \/>\nSie erhalten eine Best\u00e4tigungsemail, um zu pr\u00fcfen, ob Sie der<br \/>\nInhaber der angegebenen E-Mail-Adresse sind. Sie k\u00f6nnen diese Funktion<br \/>\njederzeit \u00fcber einen Link in den Info-Mails abbestellen.<\/p>\n<p>Quelle: <a href=\"https:\/\/www.e- recht24.de\">e-recht24.de<\/a><\/p>\n","protected":false},"excerpt":{"rendered":"<p>Impressum Angaben gem\u00e4\u00df \u00a7 5 TMG: Maximilian Will Taunusblick 6 65597 H\u00fcnfelden Kontakt: Telefon: E-Mail: <a class=\"more-link\" href=\"https:\/\/kettenhun.de\/?page_id=1015\">weiterlesen  <span class=\"screen-reader-text\">  Kontakt<\/span><span class=\"meta-nav\">&rarr;<\/span><\/a><\/p>\n","protected":false},"author":1,"featured_media":0,"parent":15,"menu_order":2,"comment_status":"closed","ping_status":"closed","template":"","meta":[],"jetpack_shortlink":"https:\/\/wp.me\/P4Bvv6-gn","jetpack_sharing_enabled":true,"_links":{"self":[{"href":"https:\/\/kettenhun.de\/index.php?rest_route=\/wp\/v2\/pages\/1015"}],"collection":[{"href":"https:\/\/kettenhun.de\/index.php?rest_route=\/wp\/v2\/pages"}],"about":[{"href":"https:\/\/kettenhun.de\/index.php?rest_route=\/wp\/v2\/types\/page"}],"author":[{"embeddable":true,"href":"https:\/\/kettenhun.de\/index.php?rest_route=\/wp\/v2\/users\/1"}],"replies":[{"embeddable":true,"href":"https:\/\/kettenhun.de\/index.php?rest_route=%2Fwp%2Fv2%2Fcomments&post=1015"}],"version-history":[{"count":4,"href":"https:\/\/kettenhun.de\/index.php?rest_route=\/wp\/v2\/pages\/1015\/revisions"}],"predecessor-version":[{"id":1290,"href":"https:\/\/kettenhun.de\/index.php?rest_route=\/wp\/v2\/pages\/1015\/revisions\/1290"}],"up":[{"embeddable":true,"href":"https:\/\/kettenhun.de\/index.php?rest_route=\/wp\/v2\/pages\/15"}],"wp:attachment":[{"href":"https:\/\/kettenhun.de\/index.php?rest_route=%2Fwp%2Fv2%2Fmedia&parent=1015"}],"curies":[{"name":"wp","href":"https:\/\/api.w.org\/{rel}","templated":true}]}}